{"id":55,"date":"2014-12-01T12:19:24","date_gmt":"2014-12-01T12:19:24","guid":{"rendered":"https:\/\/izana.aemet.es\/inmense\/?page_id=55"},"modified":"2014-12-01T12:19:24","modified_gmt":"2014-12-01T12:19:24","slug":"contact","status":"publish","type":"page","link":"https:\/\/izana.aemet.es\/inmense\/?page_id=55","title":{"rendered":"Contact"},"content":{"rendered":"<p><strong>Principal Investigator<\/strong>: Dra. Omaira Garc\u00eda (ogarciar@aemet.es)<br \/>\n<strong>Postal Address:<\/strong><br \/>\nCentro de Investigaci\u00f3n Atmosf\u00e9rica de Iza\u00f1a<br \/>\nAgencia Estatal de Meteorolog\u00eda<br \/>\nLa Marina, 20 \u2013 planta 6<br \/>\nC.P. 38071 \u2013 Santa Cruz de Tenerife<br \/>\nSpain<\/p>\n<p>&nbsp;<\/p>\n","protected":false},"excerpt":{"rendered":"<p>Principal Investigator: Dra. Omaira Garc\u00eda (ogarciar@aemet.es) Postal Address: Centro de Investigaci\u00f3n Atmosf\u00e9rica de Iza\u00f1a Agencia Estatal de Meteorolog\u00eda La Marina, 20 \u2013 planta 6 C.P. 38071 \u2013 Santa Cruz de Tenerife Spain &nbsp;<\/p>\n","protected":false},"author":1,"featured_media":0,"parent":0,"menu_order":0,"comment_status":"open","ping_status":"open","template":"","meta":[],"_links":{"self":[{"href":"https:\/\/izana.aemet.es\/inmense\/index.php?rest_route=\/wp\/v2\/pages\/55"}],"collection":[{"href":"https:\/\/izana.aemet.es\/inmense\/index.php?rest_route=\/wp\/v2\/pages"}],"about":[{"href":"https:\/\/izana.aemet.es\/inmense\/index.php?rest_route=\/wp\/v2\/types\/page"}],"author":[{"embeddable":true,"href":"https:\/\/izana.aemet.es\/inmense\/index.php?rest_route=\/wp\/v2\/users\/1"}],"replies":[{"embeddable":true,"href":"https:\/\/izana.aemet.es\/inmense\/index.php?rest_route=%2Fwp%2Fv2%2Fcomments&post=55"}],"version-history":[{"count":1,"href":"https:\/\/izana.aemet.es\/inmense\/index.php?rest_route=\/wp\/v2\/pages\/55\/revisions"}],"predecessor-version":[{"id":56,"href":"https:\/\/izana.aemet.es\/inmense\/index.php?rest_route=\/wp\/v2\/pages\/55\/revisions\/56"}],"wp:attachment":[{"href":"https:\/\/izana.aemet.es\/inmense\/index.php?rest_route=%2Fwp%2Fv2%2Fmedia&parent=55"}],"curies":[{"name":"wp","href":"https:\/\/api.w.org\/{rel}","templated":true}]}}